{"id":8461,"date":"2025-09-23T19:35:58","date_gmt":"2025-09-23T17:35:58","guid":{"rendered":"https:\/\/lafillerenne.fr\/blog\/?post_type=product&#038;p=8461"},"modified":"2025-09-23T19:41:36","modified_gmt":"2025-09-23T17:41:36","slug":"peluche-bedon-ecolo","status":"publish","type":"product","link":"https:\/\/lafillerenne.fr\/blog\/produit\/peluche-bedon-ecolo\/","title":{"rendered":"Peluche bedon \u00e9colo"},"content":{"rendered":"<p>Peluche tout douce rembourr\u00e9e en polaire.<br \/>\nLe recto est en coton gris et le verso en polaire rose. Elle a un ventre en coton, des joues et un c\u0153ur sur les fesses en feutrine et les oreilles en tissu \u00e0 rayures. Les yeux sont des yeux de s\u00e9curit\u00e9 en plastique rose albinos.<br \/>\nCertains tissus utilis\u00e9s sont issus de r\u00e9cup\u00e9ration.<\/p>\n<p>Elle repr\u00e9sente un b\u00e9b\u00e9 bedon, petit personnage sympathique que j&#8217;ai cr\u00e9\u00e9 en 2005. Suivant les principes de la g\u00e9n\u00e9tique, les bedons ont des liens de parent\u00e9 les uns avec les autres, repr\u00e9sent\u00e9s par la couleur des yeux, la couleur de la fourrure, etc.<\/p>\n<p>Mod\u00e8le unique<br \/>\n21 x 17 cm<\/p>\n<p>Envoi partout dans le monde. Il est aussi possible de le r\u00e9cup\u00e9rer sans frais d&#8217;envoi \u00e0 Villeurbanne. S\u00e9lectionner &#8220;point de vente&#8221; en m\u00e9thode d&#8217;exp\u00e9dition.<\/p>\n<p>\u2728<br \/>\n<em>peluche stuffed animal cute plush<\/em><\/p>\n","protected":false},"excerpt":{"rendered":"<p>Peluche tout douce rembourr\u00e9e en polaire. Le recto est en coton gris et le verso en polaire rose. Elle a un ventre en coton, des joues et un c\u0153ur sur les fesses en feutrine et les oreilles en tissu \u00e0 rayures. Les yeux sont des yeux de s\u00e9curit\u00e9 en plastique rose albinos. Certains tissus utilis\u00e9s &hellip; <\/p>\n<p class=\"link-more\"><a href=\"https:\/\/lafillerenne.fr\/blog\/produit\/peluche-bedon-ecolo\/\" class=\"more-link\">Continuer la lecture<span class=\"screen-reader-text\"> de &laquo;&nbsp;Peluche bedon \u00e9colo&nbsp;&raquo;<\/span><\/a><\/p>\n","protected":false},"featured_media":8467,"template":"","meta":[],"product_cat":[78],"product_tag":[],"_links":{"self":[{"href":"https:\/\/lafillerenne.fr\/blog\/wp-json\/wp\/v2\/product\/8461"}],"collection":[{"href":"https:\/\/lafillerenne.fr\/blog\/wp-json\/wp\/v2\/product"}],"about":[{"href":"https:\/\/lafillerenne.fr\/blog\/wp-json\/wp\/v2\/types\/product"}],"wp:featuredmedia":[{"embeddable":true,"href":"https:\/\/lafillerenne.fr\/blog\/wp-json\/wp\/v2\/media\/8467"}],"wp:attachment":[{"href":"https:\/\/lafillerenne.fr\/blog\/wp-json\/wp\/v2\/media?parent=8461"}],"wp:term":[{"taxonomy":"product_cat","embeddable":true,"href":"https:\/\/lafillerenne.fr\/blog\/wp-json\/wp\/v2\/product_cat?post=8461"},{"taxonomy":"product_tag","embeddable":true,"href":"https:\/\/lafillerenne.fr\/blog\/wp-json\/wp\/v2\/product_tag?post=8461"}],"curies":[{"name":"wp","href":"https:\/\/api.w.org\/{rel}","templated":true}]}}