{"id":8483,"date":"2025-09-24T09:02:18","date_gmt":"2025-09-24T07:02:18","guid":{"rendered":"https:\/\/lafillerenne.fr\/blog\/?post_type=product&#038;p=8483"},"modified":"2025-09-24T09:03:50","modified_gmt":"2025-09-24T07:03:50","slug":"peluche-bedon-renne-28","status":"publish","type":"product","link":"https:\/\/lafillerenne.fr\/blog\/produit\/peluche-bedon-renne-28\/","title":{"rendered":"Peluche bedon renne #28"},"content":{"rendered":"<p>Peluche tout douce rembourr\u00e9e en fausse fourrure rose au recto et en coton vintage \u00e0 motif beige marron et bleu au verso.<br \/>\nElle a des bois de renne en polaire marron. Ses joues sont en feutrine rose et ses yeux sont des yeux de s\u00e9curit\u00e9 en plastique.<br \/>\nCertains tissus utilis\u00e9s sont issus de r\u00e9cup\u00e9ration.<\/p>\n<p>Elle repr\u00e9sente un b\u00e9b\u00e9 bedon, petit personnage sympathique que j&#8217;ai cr\u00e9\u00e9 en 2005. Suivant les principes de la g\u00e9n\u00e9tique, les bedons ont des liens de parent\u00e9 les uns avec les autres, repr\u00e9sent\u00e9s par la couleur des yeux, la couleur de la fourrure, etc.<\/p>\n<p>Mod\u00e8le unique<br \/>\n27 x 16 cm<\/p>\n<p>Envoi partout dans le monde. Il est aussi possible de le r\u00e9cup\u00e9rer sans frais d&#8217;envoi \u00e0 Villeurbanne. S\u00e9lectionner &#8220;point de vente&#8221; en m\u00e9thode d&#8217;exp\u00e9dition.<\/p>\n<p>\u2728<br \/>\n<em>peluche stuffed animal cute plush<\/em><\/p>\n","protected":false},"excerpt":{"rendered":"<p>Peluche tout douce rembourr\u00e9e en fausse fourrure rose au recto et en coton vintage \u00e0 motif beige marron et bleu au verso. Elle a des bois de renne en polaire marron. Ses joues sont en feutrine rose et ses yeux sont des yeux de s\u00e9curit\u00e9 en plastique. Certains tissus utilis\u00e9s sont issus de r\u00e9cup\u00e9ration. Elle &hellip; <\/p>\n<p class=\"link-more\"><a href=\"https:\/\/lafillerenne.fr\/blog\/produit\/peluche-bedon-renne-28\/\" class=\"more-link\">Continuer la lecture<span class=\"screen-reader-text\"> de &laquo;&nbsp;Peluche bedon renne #28&nbsp;&raquo;<\/span><\/a><\/p>\n","protected":false},"featured_media":8484,"template":"","meta":[],"product_cat":[78],"product_tag":[],"_links":{"self":[{"href":"https:\/\/lafillerenne.fr\/blog\/wp-json\/wp\/v2\/product\/8483"}],"collection":[{"href":"https:\/\/lafillerenne.fr\/blog\/wp-json\/wp\/v2\/product"}],"about":[{"href":"https:\/\/lafillerenne.fr\/blog\/wp-json\/wp\/v2\/types\/product"}],"wp:featuredmedia":[{"embeddable":true,"href":"https:\/\/lafillerenne.fr\/blog\/wp-json\/wp\/v2\/media\/8484"}],"wp:attachment":[{"href":"https:\/\/lafillerenne.fr\/blog\/wp-json\/wp\/v2\/media?parent=8483"}],"wp:term":[{"taxonomy":"product_cat","embeddable":true,"href":"https:\/\/lafillerenne.fr\/blog\/wp-json\/wp\/v2\/product_cat?post=8483"},{"taxonomy":"product_tag","embeddable":true,"href":"https:\/\/lafillerenne.fr\/blog\/wp-json\/wp\/v2\/product_tag?post=8483"}],"curies":[{"name":"wp","href":"https:\/\/api.w.org\/{rel}","templated":true}]}}