{"id":8527,"date":"2025-09-22T09:30:56","date_gmt":"2025-09-22T07:30:56","guid":{"rendered":"https:\/\/lafillerenne.fr\/blog\/?post_type=product&#038;p=8527"},"modified":"2025-09-24T13:55:18","modified_gmt":"2025-09-24T11:55:18","slug":"peluche-poulpe-6","status":"publish","type":"product","link":"https:\/\/lafillerenne.fr\/blog\/produit\/peluche-poulpe-6\/","title":{"rendered":"Peluche poulpe #6"},"content":{"rendered":"<p>Peluche tout douce rembourr\u00e9e en polaire rose.<br \/>\nElle repr\u00e9sente un monstre poulpe cyclope. Elle a un \u0153il en feutrine, trois petites dents sur le devant en polaire blanche et cinq tentacules. Le dessous et les trois bandes sur le devant en tissus fantaisie et en velours assortis.<br \/>\nCertains tissus utilis\u00e9s sont issus de r\u00e9cup\u00e9ration.<\/p>\n<p>Mod\u00e8le unique<br \/>\n30 x 15 cm<\/p>\n<p>Envoi partout dans le monde. Il est aussi possible de le r\u00e9cup\u00e9rer sans frais d&#8217;envoi \u00e0 Villeurbanne. S\u00e9lectionner &#8220;point de vente&#8221; en m\u00e9thode d&#8217;exp\u00e9dition.<\/p>\n<p>\u2728<br \/>\n<em>peluche stuffed animal cute plush octopus poulpe<\/em><\/p>\n","protected":false},"excerpt":{"rendered":"<p>Peluche tout douce rembourr\u00e9e en polaire rose. Elle repr\u00e9sente un monstre poulpe cyclope. Elle a un \u0153il en feutrine, trois petites dents sur le devant en polaire blanche et cinq tentacules. Le dessous et les trois bandes sur le devant en tissus fantaisie et en velours assortis. Certains tissus utilis\u00e9s sont issus de r\u00e9cup\u00e9ration. Mod\u00e8le &hellip; <\/p>\n<p class=\"link-more\"><a href=\"https:\/\/lafillerenne.fr\/blog\/produit\/peluche-poulpe-6\/\" class=\"more-link\">Continuer la lecture<span class=\"screen-reader-text\"> de &laquo;&nbsp;Peluche poulpe #6&nbsp;&raquo;<\/span><\/a><\/p>\n","protected":false},"featured_media":8530,"template":"","meta":[],"product_cat":[78],"product_tag":[],"_links":{"self":[{"href":"https:\/\/lafillerenne.fr\/blog\/wp-json\/wp\/v2\/product\/8527"}],"collection":[{"href":"https:\/\/lafillerenne.fr\/blog\/wp-json\/wp\/v2\/product"}],"about":[{"href":"https:\/\/lafillerenne.fr\/blog\/wp-json\/wp\/v2\/types\/product"}],"wp:featuredmedia":[{"embeddable":true,"href":"https:\/\/lafillerenne.fr\/blog\/wp-json\/wp\/v2\/media\/8530"}],"wp:attachment":[{"href":"https:\/\/lafillerenne.fr\/blog\/wp-json\/wp\/v2\/media?parent=8527"}],"wp:term":[{"taxonomy":"product_cat","embeddable":true,"href":"https:\/\/lafillerenne.fr\/blog\/wp-json\/wp\/v2\/product_cat?post=8527"},{"taxonomy":"product_tag","embeddable":true,"href":"https:\/\/lafillerenne.fr\/blog\/wp-json\/wp\/v2\/product_tag?post=8527"}],"curies":[{"name":"wp","href":"https:\/\/api.w.org\/{rel}","templated":true}]}}