{"id":8539,"date":"2025-09-24T09:40:51","date_gmt":"2025-09-24T07:40:51","guid":{"rendered":"https:\/\/lafillerenne.fr\/blog\/?post_type=product&#038;p=8539"},"modified":"2025-09-24T09:42:45","modified_gmt":"2025-09-24T07:42:45","slug":"peluche-axolotl-5","status":"publish","type":"product","link":"https:\/\/lafillerenne.fr\/blog\/produit\/peluche-axolotl-5\/","title":{"rendered":"Peluche axolotl #5"},"content":{"rendered":"<p>Peluche tout douce rembourr\u00e9e en polaire qui repr\u00e9sente un axolotl, le fameux petit animal tout mignon d&#8217;Am\u00e9rique du Sud.<br \/>\nLe recto est en polaire rose et le verso en fausse fourrure blanche.<br \/>\nLes branchies sont en coton vintage, les joues en feutrine et les yeux sont des yeux de s\u00e9curit\u00e9 en plastique.<br \/>\nCertains tissus utilis\u00e9s sont issus de r\u00e9cup\u00e9ration.<\/p>\n<p>Mod\u00e8le unique<br \/>\n48 x20 cm<\/p>\n<p>Envoi partout dans le monde. Il est aussi possible de le r\u00e9cup\u00e9rer sans frais d&#8217;envoi \u00e0 Villeurbanne. S\u00e9lectionner &#8220;point de vente&#8221; en m\u00e9thode d&#8217;exp\u00e9dition.<\/p>\n<p>\u2728<br \/>\n<em>peluche stuffed animal cute plush axolotl<\/em><\/p>\n","protected":false},"excerpt":{"rendered":"<p>Peluche tout douce rembourr\u00e9e en polaire qui repr\u00e9sente un axolotl, le fameux petit animal tout mignon d&#8217;Am\u00e9rique du Sud. Le recto est en polaire rose et le verso en fausse fourrure blanche. Les branchies sont en coton vintage, les joues en feutrine et les yeux sont des yeux de s\u00e9curit\u00e9 en plastique. Certains tissus utilis\u00e9s &hellip; <\/p>\n<p class=\"link-more\"><a href=\"https:\/\/lafillerenne.fr\/blog\/produit\/peluche-axolotl-5\/\" class=\"more-link\">Continuer la lecture<span class=\"screen-reader-text\"> de &laquo;&nbsp;Peluche axolotl #5&nbsp;&raquo;<\/span><\/a><\/p>\n","protected":false},"featured_media":8540,"template":"","meta":[],"product_cat":[78],"product_tag":[],"_links":{"self":[{"href":"https:\/\/lafillerenne.fr\/blog\/wp-json\/wp\/v2\/product\/8539"}],"collection":[{"href":"https:\/\/lafillerenne.fr\/blog\/wp-json\/wp\/v2\/product"}],"about":[{"href":"https:\/\/lafillerenne.fr\/blog\/wp-json\/wp\/v2\/types\/product"}],"wp:featuredmedia":[{"embeddable":true,"href":"https:\/\/lafillerenne.fr\/blog\/wp-json\/wp\/v2\/media\/8540"}],"wp:attachment":[{"href":"https:\/\/lafillerenne.fr\/blog\/wp-json\/wp\/v2\/media?parent=8539"}],"wp:term":[{"taxonomy":"product_cat","embeddable":true,"href":"https:\/\/lafillerenne.fr\/blog\/wp-json\/wp\/v2\/product_cat?post=8539"},{"taxonomy":"product_tag","embeddable":true,"href":"https:\/\/lafillerenne.fr\/blog\/wp-json\/wp\/v2\/product_tag?post=8539"}],"curies":[{"name":"wp","href":"https:\/\/api.w.org\/{rel}","templated":true}]}}