{"id":8549,"date":"2025-09-24T09:50:37","date_gmt":"2025-09-24T07:50:37","guid":{"rendered":"https:\/\/lafillerenne.fr\/blog\/?post_type=product&#038;p=8549"},"modified":"2025-09-24T09:52:20","modified_gmt":"2025-09-24T07:52:20","slug":"peluche-part-de-gateau","status":"publish","type":"product","link":"https:\/\/lafillerenne.fr\/blog\/produit\/peluche-part-de-gateau\/","title":{"rendered":"Peluche part de g\u00e2teau"},"content":{"rendered":"<p>Peluche tout douce rembourr\u00e9e en polaire violette, rose et blanche en forme de part de g\u00e2teau.<br \/>\nLes yeux sont des yeux de s\u00e9curit\u00e9 en plastique noirs.<br \/>\nCertains tissus utilis\u00e9s sont issus de r\u00e9cup\u00e9ration.<\/p>\n<p>Mod\u00e8le unique<br \/>\n11 x9 x7 cm<\/p>\n<p>Envoi partout dans le monde. Il est aussi possible de le r\u00e9cup\u00e9rer sans frais d&#8217;envoi \u00e0 Villeurbanne. S\u00e9lectionner &#8220;point de vente&#8221; en m\u00e9thode d&#8217;exp\u00e9dition.<\/p>\n<p>\u2728<br \/>\n<em>peluche stuffed animal cute plush cake g\u00e2teau slice<\/em><\/p>\n","protected":false},"excerpt":{"rendered":"<p>Peluche tout douce rembourr\u00e9e en polaire violette, rose et blanche en forme de part de g\u00e2teau. Les yeux sont des yeux de s\u00e9curit\u00e9 en plastique noirs. Certains tissus utilis\u00e9s sont issus de r\u00e9cup\u00e9ration. Mod\u00e8le unique 11 x9 x7 cm Envoi partout dans le monde. Il est aussi possible de le r\u00e9cup\u00e9rer sans frais d&#8217;envoi \u00e0 &hellip; <\/p>\n<p class=\"link-more\"><a href=\"https:\/\/lafillerenne.fr\/blog\/produit\/peluche-part-de-gateau\/\" class=\"more-link\">Continuer la lecture<span class=\"screen-reader-text\"> de &laquo;&nbsp;Peluche part de g\u00e2teau&nbsp;&raquo;<\/span><\/a><\/p>\n","protected":false},"featured_media":8559,"template":"","meta":[],"product_cat":[78],"product_tag":[],"_links":{"self":[{"href":"https:\/\/lafillerenne.fr\/blog\/wp-json\/wp\/v2\/product\/8549"}],"collection":[{"href":"https:\/\/lafillerenne.fr\/blog\/wp-json\/wp\/v2\/product"}],"about":[{"href":"https:\/\/lafillerenne.fr\/blog\/wp-json\/wp\/v2\/types\/product"}],"wp:featuredmedia":[{"embeddable":true,"href":"https:\/\/lafillerenne.fr\/blog\/wp-json\/wp\/v2\/media\/8559"}],"wp:attachment":[{"href":"https:\/\/lafillerenne.fr\/blog\/wp-json\/wp\/v2\/media?parent=8549"}],"wp:term":[{"taxonomy":"product_cat","embeddable":true,"href":"https:\/\/lafillerenne.fr\/blog\/wp-json\/wp\/v2\/product_cat?post=8549"},{"taxonomy":"product_tag","embeddable":true,"href":"https:\/\/lafillerenne.fr\/blog\/wp-json\/wp\/v2\/product_tag?post=8549"}],"curies":[{"name":"wp","href":"https:\/\/api.w.org\/{rel}","templated":true}]}}