{"id":8563,"date":"2025-09-24T09:55:07","date_gmt":"2025-09-24T07:55:07","guid":{"rendered":"https:\/\/lafillerenne.fr\/blog\/?post_type=product&#038;p=8563"},"modified":"2025-09-24T13:54:21","modified_gmt":"2025-09-24T11:54:21","slug":"peluche-donut-bleu","status":"publish","type":"product","link":"https:\/\/lafillerenne.fr\/blog\/produit\/peluche-donut-bleu\/","title":{"rendered":"Peluche donut bleu"},"content":{"rendered":"<p>Peluche tout douce rembourr\u00e9e en polaire marron en forme de donut, le fameux g\u00e2teau am\u00e9ricain. La garniture, en feutrine, est bleue\/verte et blanche. Les yeux sont des yeux de s\u00e9curit\u00e9 en plastique noir et des perles figurent les petites perles en sucre.<br \/>\nCertains tissus utilis\u00e9s sont issus de r\u00e9cup\u00e9ration.<\/p>\n<p>Mod\u00e8le unique<br \/>\n13 cm<\/p>\n<p>Envoi partout dans le monde. Il est aussi possible de le r\u00e9cup\u00e9rer sans frais d&#8217;envoi \u00e0 Villeurbanne. S\u00e9lectionner &#8220;point de vente&#8221; en m\u00e9thode d&#8217;exp\u00e9dition.<\/p>\n<p>\u2728<br \/>\n<em>peluche stuffed animal cute plush<\/em><\/p>\n","protected":false},"excerpt":{"rendered":"<p>Peluche tout douce rembourr\u00e9e en polaire marron en forme de donut, le fameux g\u00e2teau am\u00e9ricain. La garniture, en feutrine, est bleue\/verte et blanche. Les yeux sont des yeux de s\u00e9curit\u00e9 en plastique noir et des perles figurent les petites perles en sucre. Certains tissus utilis\u00e9s sont issus de r\u00e9cup\u00e9ration. Mod\u00e8le unique 13 cm Envoi partout &hellip; <\/p>\n<p class=\"link-more\"><a href=\"https:\/\/lafillerenne.fr\/blog\/produit\/peluche-donut-bleu\/\" class=\"more-link\">Continuer la lecture<span class=\"screen-reader-text\"> de &laquo;&nbsp;Peluche donut bleu&nbsp;&raquo;<\/span><\/a><\/p>\n","protected":false},"featured_media":8654,"template":"","meta":[],"product_cat":[78],"product_tag":[],"_links":{"self":[{"href":"https:\/\/lafillerenne.fr\/blog\/wp-json\/wp\/v2\/product\/8563"}],"collection":[{"href":"https:\/\/lafillerenne.fr\/blog\/wp-json\/wp\/v2\/product"}],"about":[{"href":"https:\/\/lafillerenne.fr\/blog\/wp-json\/wp\/v2\/types\/product"}],"wp:featuredmedia":[{"embeddable":true,"href":"https:\/\/lafillerenne.fr\/blog\/wp-json\/wp\/v2\/media\/8654"}],"wp:attachment":[{"href":"https:\/\/lafillerenne.fr\/blog\/wp-json\/wp\/v2\/media?parent=8563"}],"wp:term":[{"taxonomy":"product_cat","embeddable":true,"href":"https:\/\/lafillerenne.fr\/blog\/wp-json\/wp\/v2\/product_cat?post=8563"},{"taxonomy":"product_tag","embeddable":true,"href":"https:\/\/lafillerenne.fr\/blog\/wp-json\/wp\/v2\/product_tag?post=8563"}],"curies":[{"name":"wp","href":"https:\/\/api.w.org\/{rel}","templated":true}]}}