{"id":8565,"date":"2025-09-24T09:58:06","date_gmt":"2025-09-24T07:58:06","guid":{"rendered":"https:\/\/lafillerenne.fr\/blog\/?post_type=product&#038;p=8565"},"modified":"2025-09-24T13:54:31","modified_gmt":"2025-09-24T11:54:31","slug":"peluche-donut-marron","status":"publish","type":"product","link":"https:\/\/lafillerenne.fr\/blog\/produit\/peluche-donut-marron\/","title":{"rendered":"Peluche donut marron"},"content":{"rendered":"<p>Peluche tout douce rembourr\u00e9e en polaire marron en forme de donut, le fameux g\u00e2teau am\u00e9ricain. La garniture, en feutrine, est \u00e9galement marron. Les yeux sont des yeux de s\u00e9curit\u00e9 en plastique noir.<br \/>\nCertains tissus utilis\u00e9s sont issus de r\u00e9cup\u00e9ration.<\/p>\n<p>13 cm<\/p>\n<p>Envoi partout dans le monde. Il est aussi possible de le r\u00e9cup\u00e9rer sans frais d&#8217;envoi \u00e0 Villeurbanne. S\u00e9lectionner &#8220;point de vente&#8221; en m\u00e9thode d&#8217;exp\u00e9dition.<\/p>\n<p>\u2728<br \/>\n<em>peluche stuffed animal cute plush<\/em><\/p>\n","protected":false},"excerpt":{"rendered":"<p>Peluche tout douce rembourr\u00e9e en polaire marron en forme de donut, le fameux g\u00e2teau am\u00e9ricain. La garniture, en feutrine, est \u00e9galement marron. Les yeux sont des yeux de s\u00e9curit\u00e9 en plastique noir. Certains tissus utilis\u00e9s sont issus de r\u00e9cup\u00e9ration. 13 cm Envoi partout dans le monde. Il est aussi possible de le r\u00e9cup\u00e9rer sans frais &hellip; <\/p>\n<p class=\"link-more\"><a href=\"https:\/\/lafillerenne.fr\/blog\/produit\/peluche-donut-marron\/\" class=\"more-link\">Continuer la lecture<span class=\"screen-reader-text\"> de &laquo;&nbsp;Peluche donut marron&nbsp;&raquo;<\/span><\/a><\/p>\n","protected":false},"featured_media":8653,"template":"","meta":[],"product_cat":[78],"product_tag":[],"_links":{"self":[{"href":"https:\/\/lafillerenne.fr\/blog\/wp-json\/wp\/v2\/product\/8565"}],"collection":[{"href":"https:\/\/lafillerenne.fr\/blog\/wp-json\/wp\/v2\/product"}],"about":[{"href":"https:\/\/lafillerenne.fr\/blog\/wp-json\/wp\/v2\/types\/product"}],"wp:featuredmedia":[{"embeddable":true,"href":"https:\/\/lafillerenne.fr\/blog\/wp-json\/wp\/v2\/media\/8653"}],"wp:attachment":[{"href":"https:\/\/lafillerenne.fr\/blog\/wp-json\/wp\/v2\/media?parent=8565"}],"wp:term":[{"taxonomy":"product_cat","embeddable":true,"href":"https:\/\/lafillerenne.fr\/blog\/wp-json\/wp\/v2\/product_cat?post=8565"},{"taxonomy":"product_tag","embeddable":true,"href":"https:\/\/lafillerenne.fr\/blog\/wp-json\/wp\/v2\/product_tag?post=8565"}],"curies":[{"name":"wp","href":"https:\/\/api.w.org\/{rel}","templated":true}]}}