{"id":8570,"date":"2025-09-24T10:03:34","date_gmt":"2025-09-24T08:03:34","guid":{"rendered":"https:\/\/lafillerenne.fr\/blog\/?post_type=product&#038;p=8570"},"modified":"2025-09-24T13:57:25","modified_gmt":"2025-09-24T11:57:25","slug":"peluche-theiere","status":"publish","type":"product","link":"https:\/\/lafillerenne.fr\/blog\/produit\/peluche-theiere\/","title":{"rendered":"Peluche th\u00e9i\u00e8re"},"content":{"rendered":"<p>Peluche tout douce rembourr\u00e9e en coton violet et polaire bleue claire en forme de th\u00e9i\u00e8re<br \/>\nLes yeux sont des yeux de s\u00e9curit\u00e9 en plastique noirs et jaunes.<br \/>\nLes tissus utilis\u00e9s sont issus de r\u00e9cup\u00e9ration.<\/p>\n<p>Mod\u00e8le unique<br \/>\n29 x16 x18 cm<\/p>\n<p>Envoi partout dans le monde. Il est aussi possible de le r\u00e9cup\u00e9rer sans frais d&#8217;envoi \u00e0 Villeurbanne. S\u00e9lectionner &#8220;point de vente&#8221; en m\u00e9thode d&#8217;exp\u00e9dition.<\/p>\n<p>\u2728<br \/>\n<em>peluche stuffed animal cute plush cake th\u00e9i\u00e8re tea pot<\/em><\/p>\n","protected":false},"excerpt":{"rendered":"<p>Peluche tout douce rembourr\u00e9e en coton violet et polaire bleue claire en forme de th\u00e9i\u00e8re Les yeux sont des yeux de s\u00e9curit\u00e9 en plastique noirs et jaunes. Les tissus utilis\u00e9s sont issus de r\u00e9cup\u00e9ration. Mod\u00e8le unique 29 x16 x18 cm Envoi partout dans le monde. Il est aussi possible de le r\u00e9cup\u00e9rer sans frais d&#8217;envoi &hellip; <\/p>\n<p class=\"link-more\"><a href=\"https:\/\/lafillerenne.fr\/blog\/produit\/peluche-theiere\/\" class=\"more-link\">Continuer la lecture<span class=\"screen-reader-text\"> de &laquo;&nbsp;Peluche th\u00e9i\u00e8re&nbsp;&raquo;<\/span><\/a><\/p>\n","protected":false},"featured_media":8660,"template":"","meta":[],"product_cat":[78],"product_tag":[],"_links":{"self":[{"href":"https:\/\/lafillerenne.fr\/blog\/wp-json\/wp\/v2\/product\/8570"}],"collection":[{"href":"https:\/\/lafillerenne.fr\/blog\/wp-json\/wp\/v2\/product"}],"about":[{"href":"https:\/\/lafillerenne.fr\/blog\/wp-json\/wp\/v2\/types\/product"}],"wp:featuredmedia":[{"embeddable":true,"href":"https:\/\/lafillerenne.fr\/blog\/wp-json\/wp\/v2\/media\/8660"}],"wp:attachment":[{"href":"https:\/\/lafillerenne.fr\/blog\/wp-json\/wp\/v2\/media?parent=8570"}],"wp:term":[{"taxonomy":"product_cat","embeddable":true,"href":"https:\/\/lafillerenne.fr\/blog\/wp-json\/wp\/v2\/product_cat?post=8570"},{"taxonomy":"product_tag","embeddable":true,"href":"https:\/\/lafillerenne.fr\/blog\/wp-json\/wp\/v2\/product_tag?post=8570"}],"curies":[{"name":"wp","href":"https:\/\/api.w.org\/{rel}","templated":true}]}}