{"id":8575,"date":"2025-09-24T10:11:12","date_gmt":"2025-09-24T08:11:12","guid":{"rendered":"https:\/\/lafillerenne.fr\/blog\/?post_type=product&#038;p=8575"},"modified":"2025-09-24T14:06:33","modified_gmt":"2025-09-24T12:06:33","slug":"peluche-fantome-blanc","status":"publish","type":"product","link":"https:\/\/lafillerenne.fr\/blog\/produit\/peluche-fantome-blanc\/","title":{"rendered":"Peluche fant\u00f4me blanc"},"content":{"rendered":"<p>Peluche tout douce rembourr\u00e9e en polaire blanche qui repr\u00e9sente un fant\u00f4me.<br \/>\nLes joues sont en feutrine ou polaire rose et les yeux sont des yeux de s\u00e9curit\u00e9 en plastique.<br \/>\nCertains tissus utilis\u00e9s sont issus de r\u00e9cup\u00e9ration.<\/p>\n<p>17x 15 cm<\/p>\n<p>Envoi partout dans le monde. Il est aussi possible de le r\u00e9cup\u00e9rer sans frais d&#8217;envoi \u00e0 Villeurbanne. S\u00e9lectionner &#8220;point de vente&#8221; en m\u00e9thode d&#8217;exp\u00e9dition.<\/p>\n<p>\u2728<br \/>\n<em>peluche stuffed animal cute plush fant\u00f4me ghost halloween<\/em><\/p>\n","protected":false},"excerpt":{"rendered":"<p>Peluche tout douce rembourr\u00e9e en polaire blanche qui repr\u00e9sente un fant\u00f4me. Les joues sont en feutrine ou polaire rose et les yeux sont des yeux de s\u00e9curit\u00e9 en plastique. Certains tissus utilis\u00e9s sont issus de r\u00e9cup\u00e9ration. 17x 15 cm Envoi partout dans le monde. Il est aussi possible de le r\u00e9cup\u00e9rer sans frais d&#8217;envoi \u00e0 &hellip; <\/p>\n<p class=\"link-more\"><a href=\"https:\/\/lafillerenne.fr\/blog\/produit\/peluche-fantome-blanc\/\" class=\"more-link\">Continuer la lecture<span class=\"screen-reader-text\"> de &laquo;&nbsp;Peluche fant\u00f4me blanc&nbsp;&raquo;<\/span><\/a><\/p>\n","protected":false},"featured_media":8576,"template":"","meta":[],"product_cat":[78],"product_tag":[],"_links":{"self":[{"href":"https:\/\/lafillerenne.fr\/blog\/wp-json\/wp\/v2\/product\/8575"}],"collection":[{"href":"https:\/\/lafillerenne.fr\/blog\/wp-json\/wp\/v2\/product"}],"about":[{"href":"https:\/\/lafillerenne.fr\/blog\/wp-json\/wp\/v2\/types\/product"}],"wp:featuredmedia":[{"embeddable":true,"href":"https:\/\/lafillerenne.fr\/blog\/wp-json\/wp\/v2\/media\/8576"}],"wp:attachment":[{"href":"https:\/\/lafillerenne.fr\/blog\/wp-json\/wp\/v2\/media?parent=8575"}],"wp:term":[{"taxonomy":"product_cat","embeddable":true,"href":"https:\/\/lafillerenne.fr\/blog\/wp-json\/wp\/v2\/product_cat?post=8575"},{"taxonomy":"product_tag","embeddable":true,"href":"https:\/\/lafillerenne.fr\/blog\/wp-json\/wp\/v2\/product_tag?post=8575"}],"curies":[{"name":"wp","href":"https:\/\/api.w.org\/{rel}","templated":true}]}}