{"id":8590,"date":"2025-09-24T10:25:25","date_gmt":"2025-09-24T08:25:25","guid":{"rendered":"https:\/\/lafillerenne.fr\/blog\/?post_type=product&#038;p=8590"},"modified":"2025-09-24T13:46:13","modified_gmt":"2025-09-24T11:46:13","slug":"peluche-petite-citrouille-5","status":"publish","type":"product","link":"https:\/\/lafillerenne.fr\/blog\/produit\/peluche-petite-citrouille-5\/","title":{"rendered":"Peluche petite citrouille #5"},"content":{"rendered":"<p>Peluche tout douce rembourr\u00e9e en polaire orange en forme de petite citrouille.<br \/>\nLes joues sont en feutrine rose fuchsia et les yeux sont des yeux de s\u00e9curit\u00e9 en plastique noirs.<br \/>\nCertains tissus utilis\u00e9s sont issus de r\u00e9cup\u00e9ration.<\/p>\n<p>Mod\u00e8le unique<br \/>\n16 x10 x10 cm<\/p>\n<p>Envoi partout dans le monde. Il est aussi possible de le r\u00e9cup\u00e9rer sans frais d&#8217;envoi \u00e0 Villeurbanne. S\u00e9lectionner &#8220;point de vente&#8221; en m\u00e9thode d&#8217;exp\u00e9dition.<\/p>\n<p>\u2728<br \/>\n<em>peluche stuffed animal cute plush citrouille pumpkin halloween<\/em><\/p>\n","protected":false},"excerpt":{"rendered":"<p>Peluche tout douce rembourr\u00e9e en polaire orange en forme de petite citrouille. Les joues sont en feutrine rose fuchsia et les yeux sont des yeux de s\u00e9curit\u00e9 en plastique noirs. Certains tissus utilis\u00e9s sont issus de r\u00e9cup\u00e9ration. Mod\u00e8le unique 16 x10 x10 cm Envoi partout dans le monde. Il est aussi possible de le r\u00e9cup\u00e9rer &hellip; <\/p>\n<p class=\"link-more\"><a href=\"https:\/\/lafillerenne.fr\/blog\/produit\/peluche-petite-citrouille-5\/\" class=\"more-link\">Continuer la lecture<span class=\"screen-reader-text\"> de &laquo;&nbsp;Peluche petite citrouille #5&nbsp;&raquo;<\/span><\/a><\/p>\n","protected":false},"featured_media":8649,"template":"","meta":[],"product_cat":[78],"product_tag":[],"_links":{"self":[{"href":"https:\/\/lafillerenne.fr\/blog\/wp-json\/wp\/v2\/product\/8590"}],"collection":[{"href":"https:\/\/lafillerenne.fr\/blog\/wp-json\/wp\/v2\/product"}],"about":[{"href":"https:\/\/lafillerenne.fr\/blog\/wp-json\/wp\/v2\/types\/product"}],"wp:featuredmedia":[{"embeddable":true,"href":"https:\/\/lafillerenne.fr\/blog\/wp-json\/wp\/v2\/media\/8649"}],"wp:attachment":[{"href":"https:\/\/lafillerenne.fr\/blog\/wp-json\/wp\/v2\/media?parent=8590"}],"wp:term":[{"taxonomy":"product_cat","embeddable":true,"href":"https:\/\/lafillerenne.fr\/blog\/wp-json\/wp\/v2\/product_cat?post=8590"},{"taxonomy":"product_tag","embeddable":true,"href":"https:\/\/lafillerenne.fr\/blog\/wp-json\/wp\/v2\/product_tag?post=8590"}],"curies":[{"name":"wp","href":"https:\/\/api.w.org\/{rel}","templated":true}]}}