{"id":8595,"date":"2025-09-24T10:29:46","date_gmt":"2025-09-24T08:29:46","guid":{"rendered":"https:\/\/lafillerenne.fr\/blog\/?post_type=product&#038;p=8595"},"modified":"2025-12-04T18:10:07","modified_gmt":"2025-12-04T17:10:07","slug":"peluche-grande-citrouille-5","status":"publish","type":"product","link":"https:\/\/lafillerenne.fr\/blog\/produit\/peluche-grande-citrouille-5\/","title":{"rendered":"Peluche grande citrouille #5"},"content":{"rendered":"<p>Peluche tout douce rembourr\u00e9e en polaire bordeaux en forme de grande citrouille.<br \/>\nLes joues sont en feutrine rose fuchsia et les yeux sont des yeux de s\u00e9curit\u00e9 en plastique noirs.<br \/>\nCertains tissus utilis\u00e9s sont issus de r\u00e9cup\u00e9ration.<\/p>\n<p>Mod\u00e8le unique<br \/>\n19 x16 x16 cm<\/p>\n<p>Envoi partout dans le monde. Il est aussi possible de le r\u00e9cup\u00e9rer sans frais d&#8217;envoi \u00e0 Villeurbanne. S\u00e9lectionner &#8220;point de vente&#8221; en m\u00e9thode d&#8217;exp\u00e9dition.<\/p>\n<p>\u2728<br \/>\n<em>peluche stuffed animal cute plush citrouille pumpkin halloween<\/em><\/p>\n","protected":false},"excerpt":{"rendered":"<p>Peluche tout douce rembourr\u00e9e en polaire bordeaux en forme de grande citrouille. Les joues sont en feutrine rose fuchsia et les yeux sont des yeux de s\u00e9curit\u00e9 en plastique noirs. Certains tissus utilis\u00e9s sont issus de r\u00e9cup\u00e9ration. Mod\u00e8le unique 19 x16 x16 cm Envoi partout dans le monde. Il est aussi possible de le r\u00e9cup\u00e9rer &hellip; <\/p>\n<p class=\"link-more\"><a href=\"https:\/\/lafillerenne.fr\/blog\/produit\/peluche-grande-citrouille-5\/\" class=\"more-link\">Continuer la lecture<span class=\"screen-reader-text\"> de &laquo;&nbsp;Peluche grande citrouille #5&nbsp;&raquo;<\/span><\/a><\/p>\n","protected":false},"featured_media":8638,"template":"","meta":[],"product_cat":[78],"product_tag":[],"_links":{"self":[{"href":"https:\/\/lafillerenne.fr\/blog\/wp-json\/wp\/v2\/product\/8595"}],"collection":[{"href":"https:\/\/lafillerenne.fr\/blog\/wp-json\/wp\/v2\/product"}],"about":[{"href":"https:\/\/lafillerenne.fr\/blog\/wp-json\/wp\/v2\/types\/product"}],"wp:featuredmedia":[{"embeddable":true,"href":"https:\/\/lafillerenne.fr\/blog\/wp-json\/wp\/v2\/media\/8638"}],"wp:attachment":[{"href":"https:\/\/lafillerenne.fr\/blog\/wp-json\/wp\/v2\/media?parent=8595"}],"wp:term":[{"taxonomy":"product_cat","embeddable":true,"href":"https:\/\/lafillerenne.fr\/blog\/wp-json\/wp\/v2\/product_cat?post=8595"},{"taxonomy":"product_tag","embeddable":true,"href":"https:\/\/lafillerenne.fr\/blog\/wp-json\/wp\/v2\/product_tag?post=8595"}],"curies":[{"name":"wp","href":"https:\/\/api.w.org\/{rel}","templated":true}]}}