{"id":8603,"date":"2025-09-24T10:43:16","date_gmt":"2025-09-24T08:43:16","guid":{"rendered":"https:\/\/lafillerenne.fr\/blog\/?post_type=product&#038;p=8603"},"modified":"2025-12-23T10:30:06","modified_gmt":"2025-12-23T09:30:06","slug":"badge-bedon","status":"publish","type":"product","link":"https:\/\/lafillerenne.fr\/blog\/produit\/badge-bedon\/","title":{"rendered":"Badge bedon"},"content":{"rendered":"<p>Badge \u00e0 l&#8217;effigie d&#8217;une de mes peluches f\u00e9tiches, le bedon.<br \/>\n2,5 cm de diam\u00e8tre<\/p>\n<p>Envoi partout dans le monde. Il est aussi possible de le r\u00e9cup\u00e9rer sans frais d&#8217;envoi \u00e0 Villeurbanne. S\u00e9lectionner &#8220;point de vente&#8221; en m\u00e9thode d&#8217;exp\u00e9dition.<\/p>\n<p>\u2728<br \/>\n<em>button pins cute animal<\/em><\/p>\n","protected":false},"excerpt":{"rendered":"<p>Badge \u00e0 l&#8217;effigie d&#8217;une de mes peluches f\u00e9tiches, le bedon. 2,5 cm de diam\u00e8tre Envoi partout dans le monde. Il est aussi possible de le r\u00e9cup\u00e9rer sans frais d&#8217;envoi \u00e0 Villeurbanne. S\u00e9lectionner &#8220;point de vente&#8221; en m\u00e9thode d&#8217;exp\u00e9dition. \u2728 button pins cute animal<\/p>\n","protected":false},"featured_media":8604,"template":"","meta":[],"product_cat":[56],"product_tag":[71],"_links":{"self":[{"href":"https:\/\/lafillerenne.fr\/blog\/wp-json\/wp\/v2\/product\/8603"}],"collection":[{"href":"https:\/\/lafillerenne.fr\/blog\/wp-json\/wp\/v2\/product"}],"about":[{"href":"https:\/\/lafillerenne.fr\/blog\/wp-json\/wp\/v2\/types\/product"}],"wp:featuredmedia":[{"embeddable":true,"href":"https:\/\/lafillerenne.fr\/blog\/wp-json\/wp\/v2\/media\/8604"}],"wp:attachment":[{"href":"https:\/\/lafillerenne.fr\/blog\/wp-json\/wp\/v2\/media?parent=8603"}],"wp:term":[{"taxonomy":"product_cat","embeddable":true,"href":"https:\/\/lafillerenne.fr\/blog\/wp-json\/wp\/v2\/product_cat?post=8603"},{"taxonomy":"product_tag","embeddable":true,"href":"https:\/\/lafillerenne.fr\/blog\/wp-json\/wp\/v2\/product_tag?post=8603"}],"curies":[{"name":"wp","href":"https:\/\/api.w.org\/{rel}","templated":true}]}}