{"id":8620,"date":"2025-09-24T10:57:03","date_gmt":"2025-09-24T08:57:03","guid":{"rendered":"https:\/\/lafillerenne.fr\/blog\/?post_type=product&#038;p=8620"},"modified":"2025-09-24T11:00:25","modified_gmt":"2025-09-24T09:00:25","slug":"boucles-doreille-astre-4","status":"publish","type":"product","link":"https:\/\/lafillerenne.fr\/blog\/produit\/boucles-doreille-astre-4\/","title":{"rendered":"Boucles d&#8217;oreille astre #4"},"content":{"rendered":"<p>Paire de boucles d&#8217;oreille compos\u00e9e de petites lunes en m\u00e9tal et de breloques en cristal Swarovski \u00e0 facettes.<\/p>\n<p>Couleur : laiton<br \/>\n3.3 cm<\/p>\n<p>Envoi partout dans le monde. Il est aussi possible de le r\u00e9cup\u00e9rer sans frais d&#8217;envoi \u00e0 Villeurbanne. S\u00e9lectionner &#8220;point de vente&#8221; en m\u00e9thode d&#8217;exp\u00e9dition.<\/p>\n<p>\u2728<\/p>\n<p><em>earrings astre astronomy astronomie stars witch<\/em><\/p>\n","protected":false},"excerpt":{"rendered":"<p>Paire de boucles d&#8217;oreille compos\u00e9e de petites lunes en m\u00e9tal et de breloques en cristal Swarovski \u00e0 facettes. Couleur : laiton 3.3 cm Envoi partout dans le monde. Il est aussi possible de le r\u00e9cup\u00e9rer sans frais d&#8217;envoi \u00e0 Villeurbanne. S\u00e9lectionner &#8220;point de vente&#8221; en m\u00e9thode d&#8217;exp\u00e9dition. \u2728 earrings astre astronomy astronomie stars witch<\/p>\n","protected":false},"featured_media":8614,"template":"","meta":[],"product_cat":[77],"product_tag":[60],"_links":{"self":[{"href":"https:\/\/lafillerenne.fr\/blog\/wp-json\/wp\/v2\/product\/8620"}],"collection":[{"href":"https:\/\/lafillerenne.fr\/blog\/wp-json\/wp\/v2\/product"}],"about":[{"href":"https:\/\/lafillerenne.fr\/blog\/wp-json\/wp\/v2\/types\/product"}],"wp:featuredmedia":[{"embeddable":true,"href":"https:\/\/lafillerenne.fr\/blog\/wp-json\/wp\/v2\/media\/8614"}],"wp:attachment":[{"href":"https:\/\/lafillerenne.fr\/blog\/wp-json\/wp\/v2\/media?parent=8620"}],"wp:term":[{"taxonomy":"product_cat","embeddable":true,"href":"https:\/\/lafillerenne.fr\/blog\/wp-json\/wp\/v2\/product_cat?post=8620"},{"taxonomy":"product_tag","embeddable":true,"href":"https:\/\/lafillerenne.fr\/blog\/wp-json\/wp\/v2\/product_tag?post=8620"}],"curies":[{"name":"wp","href":"https:\/\/api.w.org\/{rel}","templated":true}]}}