{"id":8623,"date":"2025-09-24T11:03:39","date_gmt":"2025-09-24T09:03:39","guid":{"rendered":"https:\/\/lafillerenne.fr\/blog\/?post_type=product&#038;p=8623"},"modified":"2025-09-24T11:05:07","modified_gmt":"2025-09-24T09:05:07","slug":"boucles-doreille-astre-2","status":"publish","type":"product","link":"https:\/\/lafillerenne.fr\/blog\/produit\/boucles-doreille-astre-2\/","title":{"rendered":"Boucles d&#8217;oreille astre #2"},"content":{"rendered":"<p>Paire de boucles d&#8217;oreille compos\u00e9e de soleils et d\u2019\u0153ils stylis\u00e9s en m\u00e9tal.<\/p>\n<p>Couleur : dor\u00e9e<br \/>\n7.5 cm<\/p>\n<p>Envoi partout dans le monde. Il est aussi possible de le r\u00e9cup\u00e9rer sans frais d&#8217;envoi \u00e0 Villeurbanne. S\u00e9lectionner &#8220;point de vente&#8221; en m\u00e9thode d&#8217;exp\u00e9dition.<\/p>\n<p>\u2728<\/p>\n<p><em>earrings astre astronomy astronomie stars witch \u0153il eyes sun soleil<\/em><\/p>\n","protected":false},"excerpt":{"rendered":"<p>Paire de boucles d&#8217;oreille compos\u00e9e de soleils et d\u2019\u0153ils stylis\u00e9s en m\u00e9tal. Couleur : dor\u00e9e 7.5 cm Envoi partout dans le monde. Il est aussi possible de le r\u00e9cup\u00e9rer sans frais d&#8217;envoi \u00e0 Villeurbanne. S\u00e9lectionner &#8220;point de vente&#8221; en m\u00e9thode d&#8217;exp\u00e9dition. \u2728 earrings astre astronomy astronomie stars witch \u0153il eyes sun soleil<\/p>\n","protected":false},"featured_media":8609,"template":"","meta":[],"product_cat":[77],"product_tag":[60],"_links":{"self":[{"href":"https:\/\/lafillerenne.fr\/blog\/wp-json\/wp\/v2\/product\/8623"}],"collection":[{"href":"https:\/\/lafillerenne.fr\/blog\/wp-json\/wp\/v2\/product"}],"about":[{"href":"https:\/\/lafillerenne.fr\/blog\/wp-json\/wp\/v2\/types\/product"}],"wp:featuredmedia":[{"embeddable":true,"href":"https:\/\/lafillerenne.fr\/blog\/wp-json\/wp\/v2\/media\/8609"}],"wp:attachment":[{"href":"https:\/\/lafillerenne.fr\/blog\/wp-json\/wp\/v2\/media?parent=8623"}],"wp:term":[{"taxonomy":"product_cat","embeddable":true,"href":"https:\/\/lafillerenne.fr\/blog\/wp-json\/wp\/v2\/product_cat?post=8623"},{"taxonomy":"product_tag","embeddable":true,"href":"https:\/\/lafillerenne.fr\/blog\/wp-json\/wp\/v2\/product_tag?post=8623"}],"curies":[{"name":"wp","href":"https:\/\/api.w.org\/{rel}","templated":true}]}}