{"id":8625,"date":"2025-09-24T11:06:57","date_gmt":"2025-09-24T09:06:57","guid":{"rendered":"https:\/\/lafillerenne.fr\/blog\/?post_type=product&#038;p=8625"},"modified":"2025-09-24T11:08:56","modified_gmt":"2025-09-24T09:08:56","slug":"collier-astre","status":"publish","type":"product","link":"https:\/\/lafillerenne.fr\/blog\/produit\/collier-astre\/","title":{"rendered":"Collier astre"},"content":{"rendered":"<p>Collier compos\u00e9 d&#8217;une chaine dor\u00e9e et de deux soleils reli\u00e9s \u00e0 une lune par un connecteur en demi cercle. Chaque \u00e9l\u00e9ment est en m\u00e9tal dor\u00e9.<\/p>\n<p>Pendentif (lune et connecteur) : 3.5 x 2.7 cm<br \/>\nChaine de 50 cm couleur dor\u00e9e<\/p>\n<p>Envoi partout dans le monde. Il est aussi possible de le r\u00e9cup\u00e9rer sans frais d&#8217;envoi \u00e0 Villeurbanne. S\u00e9lectionner &#8220;point de vente&#8221; en m\u00e9thode d&#8217;exp\u00e9dition.<\/p>\n<p>\u2728<\/p>\n<p><em>collier necklace astre astronomy astronomie witch sun moon<\/em><\/p>\n","protected":false},"excerpt":{"rendered":"<p>Collier compos\u00e9 d&#8217;une chaine dor\u00e9e et de deux soleils reli\u00e9s \u00e0 une lune par un connecteur en demi cercle. Chaque \u00e9l\u00e9ment est en m\u00e9tal dor\u00e9. Pendentif (lune et connecteur) : 3.5 x 2.7 cm Chaine de 50 cm couleur dor\u00e9e Envoi partout dans le monde. Il est aussi possible de le r\u00e9cup\u00e9rer sans frais d&#8217;envoi &hellip; <\/p>\n<p class=\"link-more\"><a href=\"https:\/\/lafillerenne.fr\/blog\/produit\/collier-astre\/\" class=\"more-link\">Continuer la lecture<span class=\"screen-reader-text\"> de &laquo;&nbsp;Collier astre&nbsp;&raquo;<\/span><\/a><\/p>\n","protected":false},"featured_media":8607,"template":"","meta":[],"product_cat":[77],"product_tag":[69],"_links":{"self":[{"href":"https:\/\/lafillerenne.fr\/blog\/wp-json\/wp\/v2\/product\/8625"}],"collection":[{"href":"https:\/\/lafillerenne.fr\/blog\/wp-json\/wp\/v2\/product"}],"about":[{"href":"https:\/\/lafillerenne.fr\/blog\/wp-json\/wp\/v2\/types\/product"}],"wp:featuredmedia":[{"embeddable":true,"href":"https:\/\/lafillerenne.fr\/blog\/wp-json\/wp\/v2\/media\/8607"}],"wp:attachment":[{"href":"https:\/\/lafillerenne.fr\/blog\/wp-json\/wp\/v2\/media?parent=8625"}],"wp:term":[{"taxonomy":"product_cat","embeddable":true,"href":"https:\/\/lafillerenne.fr\/blog\/wp-json\/wp\/v2\/product_cat?post=8625"},{"taxonomy":"product_tag","embeddable":true,"href":"https:\/\/lafillerenne.fr\/blog\/wp-json\/wp\/v2\/product_tag?post=8625"}],"curies":[{"name":"wp","href":"https:\/\/api.w.org\/{rel}","templated":true}]}}