{"id":8627,"date":"2025-09-24T11:16:43","date_gmt":"2025-09-24T09:16:43","guid":{"rendered":"https:\/\/lafillerenne.fr\/blog\/?post_type=product&#038;p=8627"},"modified":"2026-03-30T17:42:32","modified_gmt":"2026-03-30T15:42:32","slug":"livre-entre-highlands-orcades-preventes","status":"publish","type":"product","link":"https:\/\/lafillerenne.fr\/blog\/produit\/livre-entre-highlands-orcades-preventes\/","title":{"rendered":"Livre Entre Highlands &amp; Orcades"},"content":{"rendered":"<p><i>J\u2019ai une tendresse particuli\u00e8re pour l\u2019\u00c9cosse depuis la premi\u00e8re fois que j\u2019y ai mis les pieds. Le froid, l\u2019humidit\u00e9, la tourbe, les tartans, les maisons en pierre, la prononciation du ga\u00e9lique et son histoire douloureuse. Ses paysages verts et gris et sa population accueillante. Pour ce voyage, j\u2019avais tr\u00e8s envie de revoir les Highlands et de d\u00e9couvrir un de ses archipels.<\/i><\/p>\n<p><i>En janvier 2023, notre choix s\u2019est donc port\u00e9 sur les Orcades. C\u2019est un chapelet d\u2019\u00eeles au nord-est de l\u2019\u00c9cosse o\u00f9 la culture est aussi impr\u00e9gn\u00e9e par la Norv\u00e8ge et son h\u00e9ritage viking et o\u00f9 la rudesse du climat emp\u00eache les arbres de pousser. Comme tout contexte insulaire froid, j\u2019imagine une r\u00e9gion o\u00f9 r\u00e8gnent selkies, phoques et c\u00e9tac\u00e9s.<\/i><\/p>\n<p><i>Cet ouvrage narre ce road trip rythm\u00e9 par les chutes de neiges et les trajets en ferry. Entre mer et montagnes, sites historiques, troupeaux de cerf et cultures c\u00f4ti\u00e8res &#8230;<\/i><\/p>\n<p>Le livre <strong>Entre Highlands &amp; Orcades<\/strong> a \u00e9t\u00e9 financ\u00e9 gr\u00e2ce \u00e0 une campagne <a href=\"https:\/\/fr.ulule.com\/entre-highlands-et-orcades\/\"><strong>sur Ulule<\/strong><\/a>.<\/p>\n<p>200 pages de belles photographies argentiques prises durant un voyage en \u00c9cosse, accompagn\u00e9es d\u2019un r\u00e9cit de ce road trip.<\/p>\n<p>Entre temp\u00eate de neige dans le nord du pays et la d\u00e9couverte de la culture tr\u00e8s impr\u00e9gn\u00e9e par son h\u00e9ritage nordique dans l&#8217;archipel des Orcades, j&#8217;y partage mes impressions et des anecdotes sur les lieux visit\u00e9s.<\/p>\n<p>\/<\/p>\n<p><em>I have had a special fondness for Scotland ever since I first set foot there. The cold, the damp, the peat, the tartans, the stone houses, the pronunciation of Gaelic and its painful history. Its green and grey landscapes and its welcoming people. For this trip, I was keen to revisit the Highlands and discover one of its archipelagos. <\/em><\/p>\n<p><em>In January 2023, we chose the Orkney. This is an archipelago in the north-east of Scotland where the culture is also influenced by Norway and its Viking heritage, and where the harsh climate prevents trees from growing. Like any cold island environment, I imagine a region where selkies, seals and cetaceans reign supreme.<\/em><\/p>\n<p><em>This book recounts a road trip punctuated by snowfalls and ferry journeys. Between sea and mountains, historic sites, herds of deer and coastal cultures&#8230;<\/em><\/p>\n<p>The book <strong>Entre Highlands &amp; Orcades<\/strong> was funded by a campaign <strong><a href=\"https:\/\/fr.ulule.com\/entre-highlands-et-orcades\/\">on Ulule<\/a><\/strong>.<\/p>\n<p>200 pages of beautiful analog photographs taken during a trip to Scotland, accompanied by the story of it (in French) and anecdotes about the places I visited.<\/p>\n<p>From snowstorms in the north of the country to discovering the culture steeped in its Nordic heritage in the Orkney archipelago, I share my impressions and anecdotes about the places I visited.<\/p>\n<p>\/<\/p>\n<p>24\u00d716 cm<\/p>\n<p>198 pages<\/p>\n<p>Couverture souple \/ soft cover<\/p>\n<p>2025<\/p>\n<p>\u2728<\/p>\n<p><em>book<\/em> <em>postcard pin sticker orkney scotland highlands scots<\/em><\/p>\n","protected":false},"excerpt":{"rendered":"<p>J\u2019ai une tendresse particuli\u00e8re pour l\u2019\u00c9cosse depuis la premi\u00e8re fois que j\u2019y ai mis les pieds. Le froid, l\u2019humidit\u00e9, la tourbe, les tartans, les maisons en pierre, la prononciation du ga\u00e9lique et son histoire douloureuse. Ses paysages verts et gris et sa population accueillante. Pour ce voyage, j\u2019avais tr\u00e8s envie de revoir les Highlands et &hellip; <\/p>\n<p class=\"link-more\"><a href=\"https:\/\/lafillerenne.fr\/blog\/produit\/livre-entre-highlands-orcades-preventes\/\" class=\"more-link\">Continuer la lecture<span class=\"screen-reader-text\"> de &laquo;&nbsp;Livre Entre Highlands &amp; Orcades&nbsp;&raquo;<\/span><\/a><\/p>\n","protected":false},"featured_media":8232,"template":"","meta":[],"product_cat":[45,81],"product_tag":[72,70],"_links":{"self":[{"href":"https:\/\/lafillerenne.fr\/blog\/wp-json\/wp\/v2\/product\/8627"}],"collection":[{"href":"https:\/\/lafillerenne.fr\/blog\/wp-json\/wp\/v2\/product"}],"about":[{"href":"https:\/\/lafillerenne.fr\/blog\/wp-json\/wp\/v2\/types\/product"}],"wp:featuredmedia":[{"embeddable":true,"href":"https:\/\/lafillerenne.fr\/blog\/wp-json\/wp\/v2\/media\/8232"}],"wp:attachment":[{"href":"https:\/\/lafillerenne.fr\/blog\/wp-json\/wp\/v2\/media?parent=8627"}],"wp:term":[{"taxonomy":"product_cat","embeddable":true,"href":"https:\/\/lafillerenne.fr\/blog\/wp-json\/wp\/v2\/product_cat?post=8627"},{"taxonomy":"product_tag","embeddable":true,"href":"https:\/\/lafillerenne.fr\/blog\/wp-json\/wp\/v2\/product_tag?post=8627"}],"curies":[{"name":"wp","href":"https:\/\/api.w.org\/{rel}","templated":true}]}}