{"id":8676,"date":"2025-10-03T16:32:25","date_gmt":"2025-10-03T14:32:25","guid":{"rendered":"https:\/\/lafillerenne.fr\/blog\/?post_type=product&#038;p=8676"},"modified":"2025-12-12T14:13:57","modified_gmt":"2025-12-12T13:13:57","slug":"sticker-holographique-saint-sebastien","status":"publish","type":"product","link":"https:\/\/lafillerenne.fr\/blog\/produit\/sticker-holographique-saint-sebastien\/","title":{"rendered":"Sticker holographique Saint S\u00e9bastien"},"content":{"rendered":"<p>Sticker holographique avec un portrait de Saint S\u00e9bastien, issu du tournage du film <em>Nos Fins Joyeuses<\/em>.<br \/>\nIllustrations de Lucie Levon Babayan<\/p>\n<p>7 cm de diam\u00e8tre<br \/>\nVinyle, finition glossy<\/p>\n<p>Vendu \u00e0 l&#8217;unit\u00e9<\/p>\n<p>Envoi partout dans le monde. Il est aussi possible de le r\u00e9cup\u00e9rer sans frais d&#8217;envoi \u00e0 Villeurbanne \/ Lyon. S\u00e9lectionner &#8220;point de vente&#8221; en m\u00e9thode d&#8217;exp\u00e9dition.<\/p>\n<p>\u2728<br \/>\n<em>stickers holographic queer transmasculine trans transmasculinity<\/em><\/p>\n","protected":false},"excerpt":{"rendered":"<p>Sticker holographique avec un portrait de Saint S\u00e9bastien, issu du tournage du film Nos Fins Joyeuses. Illustrations de Lucie Levon Babayan 7 cm de diam\u00e8tre Vinyle, finition glossy Vendu \u00e0 l&#8217;unit\u00e9 Envoi partout dans le monde. Il est aussi possible de le r\u00e9cup\u00e9rer sans frais d&#8217;envoi \u00e0 Villeurbanne \/ Lyon. S\u00e9lectionner &#8220;point de vente&#8221; en &hellip; <\/p>\n<p class=\"link-more\"><a href=\"https:\/\/lafillerenne.fr\/blog\/produit\/sticker-holographique-saint-sebastien\/\" class=\"more-link\">Continuer la lecture<span class=\"screen-reader-text\"> de &laquo;&nbsp;Sticker holographique Saint S\u00e9bastien&nbsp;&raquo;<\/span><\/a><\/p>\n","protected":false},"featured_media":8730,"template":"","meta":[],"product_cat":[75,57,82],"product_tag":[63],"_links":{"self":[{"href":"https:\/\/lafillerenne.fr\/blog\/wp-json\/wp\/v2\/product\/8676"}],"collection":[{"href":"https:\/\/lafillerenne.fr\/blog\/wp-json\/wp\/v2\/product"}],"about":[{"href":"https:\/\/lafillerenne.fr\/blog\/wp-json\/wp\/v2\/types\/product"}],"wp:featuredmedia":[{"embeddable":true,"href":"https:\/\/lafillerenne.fr\/blog\/wp-json\/wp\/v2\/media\/8730"}],"wp:attachment":[{"href":"https:\/\/lafillerenne.fr\/blog\/wp-json\/wp\/v2\/media?parent=8676"}],"wp:term":[{"taxonomy":"product_cat","embeddable":true,"href":"https:\/\/lafillerenne.fr\/blog\/wp-json\/wp\/v2\/product_cat?post=8676"},{"taxonomy":"product_tag","embeddable":true,"href":"https:\/\/lafillerenne.fr\/blog\/wp-json\/wp\/v2\/product_tag?post=8676"}],"curies":[{"name":"wp","href":"https:\/\/api.w.org\/{rel}","templated":true}]}}