{"id":8713,"date":"2025-11-05T16:42:52","date_gmt":"2025-11-05T15:42:52","guid":{"rendered":"https:\/\/lafillerenne.fr\/blog\/?post_type=product&#038;p=8713"},"modified":"2025-11-18T10:08:35","modified_gmt":"2025-11-18T09:08:35","slug":"carte-postale-ecosse","status":"publish","type":"product","link":"https:\/\/lafillerenne.fr\/blog\/produit\/carte-postale-ecosse\/","title":{"rendered":"Carte postale \u00c9cosse"},"content":{"rendered":"<p>Carte postale avec une photographie argentique prise \u00e0 Keiss, en \u00c9cosse,<\/p>\n<p>Impression sur papier 350g, fini couch\u00e9 demi-mat, format A6.<\/p>\n<p>Envoi partout dans le monde. Il est aussi possible de le r\u00e9cup\u00e9rer sans frais d&#8217;envoi \u00e0 Villeurbanne. S\u00e9lectionner &#8220;point de vente&#8221; en m\u00e9thode d&#8217;exp\u00e9dition.<\/p>\n<p>\u2728<br \/>\n<em>print<\/em> <em>postcard keiss scotland north sea<\/em><\/p>\n","protected":false},"excerpt":{"rendered":"<p>Carte postale avec une photographie argentique prise \u00e0 Keiss, en \u00c9cosse, Impression sur papier 350g, fini couch\u00e9 demi-mat, format A6. Envoi partout dans le monde. Il est aussi possible de le r\u00e9cup\u00e9rer sans frais d&#8217;envoi \u00e0 Villeurbanne. S\u00e9lectionner &#8220;point de vente&#8221; en m\u00e9thode d&#8217;exp\u00e9dition. \u2728 print postcard keiss scotland north sea<\/p>\n","protected":false},"featured_media":7667,"template":"","meta":[],"product_cat":[59,81],"product_tag":[66,70],"_links":{"self":[{"href":"https:\/\/lafillerenne.fr\/blog\/wp-json\/wp\/v2\/product\/8713"}],"collection":[{"href":"https:\/\/lafillerenne.fr\/blog\/wp-json\/wp\/v2\/product"}],"about":[{"href":"https:\/\/lafillerenne.fr\/blog\/wp-json\/wp\/v2\/types\/product"}],"wp:featuredmedia":[{"embeddable":true,"href":"https:\/\/lafillerenne.fr\/blog\/wp-json\/wp\/v2\/media\/7667"}],"wp:attachment":[{"href":"https:\/\/lafillerenne.fr\/blog\/wp-json\/wp\/v2\/media?parent=8713"}],"wp:term":[{"taxonomy":"product_cat","embeddable":true,"href":"https:\/\/lafillerenne.fr\/blog\/wp-json\/wp\/v2\/product_cat?post=8713"},{"taxonomy":"product_tag","embeddable":true,"href":"https:\/\/lafillerenne.fr\/blog\/wp-json\/wp\/v2\/product_tag?post=8713"}],"curies":[{"name":"wp","href":"https:\/\/api.w.org\/{rel}","templated":true}]}}