{"id":8742,"date":"2025-11-19T10:40:27","date_gmt":"2025-11-19T09:40:27","guid":{"rendered":"https:\/\/lafillerenne.fr\/blog\/?post_type=product&#038;p=8742"},"modified":"2026-02-16T14:08:56","modified_gmt":"2026-02-16T13:08:56","slug":"sticker-holographique-globicephale","status":"publish","type":"product","link":"https:\/\/lafillerenne.fr\/blog\/produit\/sticker-holographique-globicephale\/","title":{"rendered":"Sticker holographique globic\u00e9phale"},"content":{"rendered":"<p>Sticker holographique repr\u00e9sentant le squelette et la silhouette d&#8217;un globic\u00e9phale noir (<em><span class=\"LrzXr kno-fv wHYlTd z8gr9e\">Globicephala melas<\/span><\/em>), c\u00e9tac\u00e9 de l&#8217;Atlantique nord.<\/p>\n<p>6.8 x 2.5 cm<br \/>\nVinyle, finition glossy<\/p>\n<p>Vendu \u00e0 l&#8217;unit\u00e9<\/p>\n<p>Envoi partout dans le monde. Il est aussi possible de le r\u00e9cup\u00e9rer sans frais d&#8217;envoi sur Lyon \/ Villeurbanne. S\u00e9lectionner &#8220;point de vente&#8221; en m\u00e9thode d&#8217;exp\u00e9dition.<\/p>\n<p>\u2728<br \/>\n<em>stickers holographic norway scandinavia arctic winter bones skeleton pilot whale faroe scotland<\/em><\/p>\n","protected":false},"excerpt":{"rendered":"<p>Sticker holographique repr\u00e9sentant le squelette et la silhouette d&#8217;un globic\u00e9phale noir (Globicephala melas), c\u00e9tac\u00e9 de l&#8217;Atlantique nord. 6.8 x 2.5 cm Vinyle, finition glossy Vendu \u00e0 l&#8217;unit\u00e9 Envoi partout dans le monde. Il est aussi possible de le r\u00e9cup\u00e9rer sans frais d&#8217;envoi sur Lyon \/ Villeurbanne. S\u00e9lectionner &#8220;point de vente&#8221; en m\u00e9thode d&#8217;exp\u00e9dition. \u2728 stickers &hellip; <\/p>\n<p class=\"link-more\"><a href=\"https:\/\/lafillerenne.fr\/blog\/produit\/sticker-holographique-globicephale\/\" class=\"more-link\">Continuer la lecture<span class=\"screen-reader-text\"> de &laquo;&nbsp;Sticker holographique globic\u00e9phale&nbsp;&raquo;<\/span><\/a><\/p>\n","protected":false},"featured_media":8771,"template":"","meta":[],"product_cat":[57,79,80,81],"product_tag":[65,62,63],"_links":{"self":[{"href":"https:\/\/lafillerenne.fr\/blog\/wp-json\/wp\/v2\/product\/8742"}],"collection":[{"href":"https:\/\/lafillerenne.fr\/blog\/wp-json\/wp\/v2\/product"}],"about":[{"href":"https:\/\/lafillerenne.fr\/blog\/wp-json\/wp\/v2\/types\/product"}],"wp:featuredmedia":[{"embeddable":true,"href":"https:\/\/lafillerenne.fr\/blog\/wp-json\/wp\/v2\/media\/8771"}],"wp:attachment":[{"href":"https:\/\/lafillerenne.fr\/blog\/wp-json\/wp\/v2\/media?parent=8742"}],"wp:term":[{"taxonomy":"product_cat","embeddable":true,"href":"https:\/\/lafillerenne.fr\/blog\/wp-json\/wp\/v2\/product_cat?post=8742"},{"taxonomy":"product_tag","embeddable":true,"href":"https:\/\/lafillerenne.fr\/blog\/wp-json\/wp\/v2\/product_tag?post=8742"}],"curies":[{"name":"wp","href":"https:\/\/api.w.org\/{rel}","templated":true}]}}