{"id":8743,"date":"2025-11-19T10:47:21","date_gmt":"2025-11-19T09:47:21","guid":{"rendered":"https:\/\/lafillerenne.fr\/blog\/?post_type=product&#038;p=8743"},"modified":"2025-12-15T12:42:09","modified_gmt":"2025-12-15T11:42:09","slug":"sticker-paillettes-crane-bicephale","status":"publish","type":"product","link":"https:\/\/lafillerenne.fr\/blog\/produit\/sticker-paillettes-crane-bicephale\/","title":{"rendered":"Sticker paillettes cr\u00e2ne bic\u00e9phale"},"content":{"rendered":"<p>Sticker \u00e0 paillette repr\u00e9sentant un cr\u00e2ne de b\u0153uf bic\u00e9phale (anomalie qui donne un individu \u00e0 deux t\u00eates).<\/p>\n<p>6 x 6.4 cm<\/p>\n<p>Vinyle, finition glossy<\/p>\n<p>Vendu \u00e0 l&#8217;unit\u00e9<\/p>\n<p>Envoi partout dans le monde. Il est aussi possible de le r\u00e9cup\u00e9rer sans frais d&#8217;envoi sur Lyon \/ Villeurbanne. S\u00e9lectionner &#8220;point de vente&#8221; en m\u00e9thode d&#8217;exp\u00e9dition.<\/p>\n<p>\u2728<\/p>\n<p><em>sticker glitter skull bos bovis bicephalia monster genetic anomaly<\/em><\/p>\n","protected":false},"excerpt":{"rendered":"<p>Sticker \u00e0 paillette repr\u00e9sentant un cr\u00e2ne de b\u0153uf bic\u00e9phale (anomalie qui donne un individu \u00e0 deux t\u00eates). 6 x 6.4 cm Vinyle, finition glossy Vendu \u00e0 l&#8217;unit\u00e9 Envoi partout dans le monde. Il est aussi possible de le r\u00e9cup\u00e9rer sans frais d&#8217;envoi sur Lyon \/ Villeurbanne. S\u00e9lectionner &#8220;point de vente&#8221; en m\u00e9thode d&#8217;exp\u00e9dition. \u2728 sticker &hellip; <\/p>\n<p class=\"link-more\"><a href=\"https:\/\/lafillerenne.fr\/blog\/produit\/sticker-paillettes-crane-bicephale\/\" class=\"more-link\">Continuer la lecture<span class=\"screen-reader-text\"> de &laquo;&nbsp;Sticker paillettes cr\u00e2ne bic\u00e9phale&nbsp;&raquo;<\/span><\/a><\/p>\n","protected":false},"featured_media":8773,"template":"","meta":[],"product_cat":[57],"product_tag":[63],"_links":{"self":[{"href":"https:\/\/lafillerenne.fr\/blog\/wp-json\/wp\/v2\/product\/8743"}],"collection":[{"href":"https:\/\/lafillerenne.fr\/blog\/wp-json\/wp\/v2\/product"}],"about":[{"href":"https:\/\/lafillerenne.fr\/blog\/wp-json\/wp\/v2\/types\/product"}],"wp:featuredmedia":[{"embeddable":true,"href":"https:\/\/lafillerenne.fr\/blog\/wp-json\/wp\/v2\/media\/8773"}],"wp:attachment":[{"href":"https:\/\/lafillerenne.fr\/blog\/wp-json\/wp\/v2\/media?parent=8743"}],"wp:term":[{"taxonomy":"product_cat","embeddable":true,"href":"https:\/\/lafillerenne.fr\/blog\/wp-json\/wp\/v2\/product_cat?post=8743"},{"taxonomy":"product_tag","embeddable":true,"href":"https:\/\/lafillerenne.fr\/blog\/wp-json\/wp\/v2\/product_tag?post=8743"}],"curies":[{"name":"wp","href":"https:\/\/api.w.org\/{rel}","templated":true}]}}