{"id":8775,"date":"2025-12-02T20:31:46","date_gmt":"2025-12-02T19:31:46","guid":{"rendered":"https:\/\/lafillerenne.fr\/blog\/?post_type=product&#038;p=8775"},"modified":"2025-12-16T14:32:14","modified_gmt":"2025-12-16T13:32:14","slug":"sticker-crane-grand-corbeau","status":"publish","type":"product","link":"https:\/\/lafillerenne.fr\/blog\/produit\/sticker-crane-grand-corbeau\/","title":{"rendered":"Sticker cr\u00e2ne grand corbeau"},"content":{"rendered":"<p>Sticker en papier kraft r\u00e9sistant repr\u00e9sentant un cr\u00e2ne de grand corbeau (<em>Corvus corax<\/em>).<br \/>\n8.2 x 3.5 cm<br \/>\nCr\u00e9\u00e9 \u00e0 partir de papier recycl\u00e9<\/p>\n<p>Vendu \u00e0 l&#8217;unit\u00e9<\/p>\n<p>Envoi partout dans le monde. Il est aussi possible de le r\u00e9cup\u00e9rer sans frais d&#8217;envoi sur Lyon \/ Villeurbanne. S\u00e9lectionner &#8220;point de vente&#8221; en m\u00e9thode d&#8217;exp\u00e9dition.<\/p>\n<p>\u2728<br \/>\n<em>stickers kraft faroe scotland norway scandinavia arctic winter skull bones bird raven<\/em><\/p>\n","protected":false},"excerpt":{"rendered":"<p>Sticker en papier kraft r\u00e9sistant repr\u00e9sentant un cr\u00e2ne de grand corbeau (Corvus corax). 8.2 x 3.5 cm Cr\u00e9\u00e9 \u00e0 partir de papier recycl\u00e9 Vendu \u00e0 l&#8217;unit\u00e9 Envoi partout dans le monde. Il est aussi possible de le r\u00e9cup\u00e9rer sans frais d&#8217;envoi sur Lyon \/ Villeurbanne. S\u00e9lectionner &#8220;point de vente&#8221; en m\u00e9thode d&#8217;exp\u00e9dition. \u2728 stickers kraft &hellip; <\/p>\n<p class=\"link-more\"><a href=\"https:\/\/lafillerenne.fr\/blog\/produit\/sticker-crane-grand-corbeau\/\" class=\"more-link\">Continuer la lecture<span class=\"screen-reader-text\"> de &laquo;&nbsp;Sticker cr\u00e2ne grand corbeau&nbsp;&raquo;<\/span><\/a><\/p>\n","protected":false},"featured_media":8793,"template":"","meta":[],"product_cat":[57,79,80,81],"product_tag":[65,62,63],"_links":{"self":[{"href":"https:\/\/lafillerenne.fr\/blog\/wp-json\/wp\/v2\/product\/8775"}],"collection":[{"href":"https:\/\/lafillerenne.fr\/blog\/wp-json\/wp\/v2\/product"}],"about":[{"href":"https:\/\/lafillerenne.fr\/blog\/wp-json\/wp\/v2\/types\/product"}],"wp:featuredmedia":[{"embeddable":true,"href":"https:\/\/lafillerenne.fr\/blog\/wp-json\/wp\/v2\/media\/8793"}],"wp:attachment":[{"href":"https:\/\/lafillerenne.fr\/blog\/wp-json\/wp\/v2\/media?parent=8775"}],"wp:term":[{"taxonomy":"product_cat","embeddable":true,"href":"https:\/\/lafillerenne.fr\/blog\/wp-json\/wp\/v2\/product_cat?post=8775"},{"taxonomy":"product_tag","embeddable":true,"href":"https:\/\/lafillerenne.fr\/blog\/wp-json\/wp\/v2\/product_tag?post=8775"}],"curies":[{"name":"wp","href":"https:\/\/api.w.org\/{rel}","templated":true}]}}