{"id":8777,"date":"2025-12-02T20:34:46","date_gmt":"2025-12-02T19:34:46","guid":{"rendered":"https:\/\/lafillerenne.fr\/blog\/?post_type=product&#038;p=8777"},"modified":"2026-02-16T14:09:34","modified_gmt":"2026-02-16T13:09:34","slug":"sticker-paillettes-fou-de-bassan","status":"publish","type":"product","link":"https:\/\/lafillerenne.fr\/blog\/produit\/sticker-paillettes-fou-de-bassan\/","title":{"rendered":"Sticker paillettes fou de Bassan v1"},"content":{"rendered":"<p>Sticker \u00e0 paillettes repr\u00e9sentant une t\u00eate de fou de Bassan (<i>Morus bassanus<\/i>), plus grand oiseau marin de l&#8217;Atlantique nord, avec quelques yeux en plus. Une autre version existe sans paillettes dans le bec.<\/p>\n<p>9 x 7.3 cm<\/p>\n<p>Vinyle, finition glossy<\/p>\n<p>Vendu \u00e0 l&#8217;unit\u00e9<\/p>\n<p>Envoi partout dans le monde. Il est aussi possible de le r\u00e9cup\u00e9rer sans frais d&#8217;envoi sur Lyon \/ Villeurbanne. S\u00e9lectionner &#8220;point de vente&#8221; en m\u00e9thode d&#8217;exp\u00e9dition.<\/p>\n<p>\u2728<\/p>\n<p><em>sticker glitter head gannet bird sea atlantic scandinavia scotland faroe<\/em><\/p>\n","protected":false},"excerpt":{"rendered":"<p>Sticker \u00e0 paillettes repr\u00e9sentant une t\u00eate de fou de Bassan (Morus bassanus), plus grand oiseau marin de l&#8217;Atlantique nord, avec quelques yeux en plus. Une autre version existe sans paillettes dans le bec. 9 x 7.3 cm Vinyle, finition glossy Vendu \u00e0 l&#8217;unit\u00e9 Envoi partout dans le monde. Il est aussi possible de le r\u00e9cup\u00e9rer &hellip; <\/p>\n<p class=\"link-more\"><a href=\"https:\/\/lafillerenne.fr\/blog\/produit\/sticker-paillettes-fou-de-bassan\/\" class=\"more-link\">Continuer la lecture<span class=\"screen-reader-text\"> de &laquo;&nbsp;Sticker paillettes fou de Bassan v1&nbsp;&raquo;<\/span><\/a><\/p>\n","protected":false},"featured_media":8791,"template":"","meta":[],"product_cat":[57,79,80,81],"product_tag":[63],"_links":{"self":[{"href":"https:\/\/lafillerenne.fr\/blog\/wp-json\/wp\/v2\/product\/8777"}],"collection":[{"href":"https:\/\/lafillerenne.fr\/blog\/wp-json\/wp\/v2\/product"}],"about":[{"href":"https:\/\/lafillerenne.fr\/blog\/wp-json\/wp\/v2\/types\/product"}],"wp:featuredmedia":[{"embeddable":true,"href":"https:\/\/lafillerenne.fr\/blog\/wp-json\/wp\/v2\/media\/8791"}],"wp:attachment":[{"href":"https:\/\/lafillerenne.fr\/blog\/wp-json\/wp\/v2\/media?parent=8777"}],"wp:term":[{"taxonomy":"product_cat","embeddable":true,"href":"https:\/\/lafillerenne.fr\/blog\/wp-json\/wp\/v2\/product_cat?post=8777"},{"taxonomy":"product_tag","embeddable":true,"href":"https:\/\/lafillerenne.fr\/blog\/wp-json\/wp\/v2\/product_tag?post=8777"}],"curies":[{"name":"wp","href":"https:\/\/api.w.org\/{rel}","templated":true}]}}