{"id":8874,"date":"2026-05-14T11:09:11","date_gmt":"2026-05-14T09:09:11","guid":{"rendered":"https:\/\/lafillerenne.fr\/blog\/?post_type=product&#038;p=8874"},"modified":"2026-05-14T11:33:02","modified_gmt":"2026-05-14T09:33:02","slug":"print-xenomorphe","status":"publish","type":"product","link":"https:\/\/lafillerenne.fr\/blog\/produit\/print-xenomorphe\/","title":{"rendered":"Print X\u00e9nomorphe"},"content":{"rendered":"<p>Print sur l&#8217;univers de la saga <em><strong>Alien<\/strong><\/em>, repr\u00e9sentant un facehugger (<em>Manumala noxhydria<\/em>), stade II du cycle de vie du x\u00e9nomorphe XX121.<\/p>\n<p>Impression sign\u00e9e, sur papier textur\u00e9 250g, format A4.<br \/>\nL&#8217;original a \u00e9t\u00e9 r\u00e9alis\u00e9 \u00e0 la main, aux feutres.<\/p>\n<p>Envoi partout dans le monde. Il est aussi possible de le r\u00e9cup\u00e9rer sans frais d&#8217;envoi \u00e0\u00a0 Villeurbanne \/ Lyon. S\u00e9lectionner &#8220;point de vente&#8221; en m\u00e9thode d&#8217;exp\u00e9dition.<\/p>\n<p>\u2728<br \/>\n<em>print wildlife animal SF science fiction alien facehugger xenomorph<\/em><\/p>\n","protected":false},"excerpt":{"rendered":"<p>Print sur l&#8217;univers de la saga Alien, repr\u00e9sentant un facehugger (Manumala noxhydria), stade II du cycle de vie du x\u00e9nomorphe XX121. Impression sign\u00e9e, sur papier textur\u00e9 250g, format A4. L&#8217;original a \u00e9t\u00e9 r\u00e9alis\u00e9 \u00e0 la main, aux feutres. Envoi partout dans le monde. Il est aussi possible de le r\u00e9cup\u00e9rer sans frais d&#8217;envoi \u00e0\u00a0 Villeurbanne &hellip; <\/p>\n<p class=\"link-more\"><a href=\"https:\/\/lafillerenne.fr\/blog\/produit\/print-xenomorphe\/\" class=\"more-link\">Continuer la lecture<span class=\"screen-reader-text\"> de &laquo;&nbsp;Print X\u00e9nomorphe&nbsp;&raquo;<\/span><\/a><\/p>\n","protected":false},"featured_media":8880,"template":"","meta":[],"product_cat":[46],"product_tag":[67],"_links":{"self":[{"href":"https:\/\/lafillerenne.fr\/blog\/wp-json\/wp\/v2\/product\/8874"}],"collection":[{"href":"https:\/\/lafillerenne.fr\/blog\/wp-json\/wp\/v2\/product"}],"about":[{"href":"https:\/\/lafillerenne.fr\/blog\/wp-json\/wp\/v2\/types\/product"}],"wp:featuredmedia":[{"embeddable":true,"href":"https:\/\/lafillerenne.fr\/blog\/wp-json\/wp\/v2\/media\/8880"}],"wp:attachment":[{"href":"https:\/\/lafillerenne.fr\/blog\/wp-json\/wp\/v2\/media?parent=8874"}],"wp:term":[{"taxonomy":"product_cat","embeddable":true,"href":"https:\/\/lafillerenne.fr\/blog\/wp-json\/wp\/v2\/product_cat?post=8874"},{"taxonomy":"product_tag","embeddable":true,"href":"https:\/\/lafillerenne.fr\/blog\/wp-json\/wp\/v2\/product_tag?post=8874"}],"curies":[{"name":"wp","href":"https:\/\/api.w.org\/{rel}","templated":true}]}}