{"id":8887,"date":"2026-05-14T11:13:57","date_gmt":"2026-05-14T09:13:57","guid":{"rendered":"https:\/\/lafillerenne.fr\/blog\/?post_type=product&#038;p=8887"},"modified":"2026-05-14T11:50:12","modified_gmt":"2026-05-14T09:50:12","slug":"print-genus-fratercula","status":"publish","type":"product","link":"https:\/\/lafillerenne.fr\/blog\/produit\/print-genus-fratercula\/","title":{"rendered":"Print Genus Fratercula"},"content":{"rendered":"<p>Print sur les trois esp\u00e8ces du genre Fratercula : le macareux hupp\u00e9 (<em>Fratercula cirrhata<\/em>), le macareux cornu (<em>Fratercula corniculata<\/em>) et le macareux moine (<em>Fratercula arctica<\/em>).<\/p>\n<p>Impression sign\u00e9e, sur papier textur\u00e9 250g, format A4.<br \/>\nL&#8217;original a \u00e9t\u00e9 r\u00e9alis\u00e9 \u00e0 la main, aux feutres.<\/p>\n<p>Envoi partout dans le monde. Il est aussi possible de le r\u00e9cup\u00e9rer sans frais d\u2019envoi \u00e0 Villeurbanne \/ Lyon. S\u00e9lectionner \u201cpoint de vente\u201d en m\u00e9thode d\u2019exp\u00e9dition.<\/p>\n<p>\u2728<br \/>\n<em>print wildlife animal bones science lofoten norway scandinavia arctic winter puffin iceland faroe scotland horned puffin atlantic puffin tufted puffin<\/em><\/p>\n","protected":false},"excerpt":{"rendered":"<p>Print sur les trois esp\u00e8ces du genre Fratercula : le macareux hupp\u00e9 (Fratercula cirrhata), le macareux cornu (Fratercula corniculata) et le macareux moine (Fratercula arctica). Impression sign\u00e9e, sur papier textur\u00e9 250g, format A4. L&#8217;original a \u00e9t\u00e9 r\u00e9alis\u00e9 \u00e0 la main, aux feutres. Envoi partout dans le monde. Il est aussi possible de le r\u00e9cup\u00e9rer sans &hellip; <\/p>\n<p class=\"link-more\"><a href=\"https:\/\/lafillerenne.fr\/blog\/produit\/print-genus-fratercula\/\" class=\"more-link\">Continuer la lecture<span class=\"screen-reader-text\"> de &laquo;&nbsp;Print Genus Fratercula&nbsp;&raquo;<\/span><\/a><\/p>\n","protected":false},"featured_media":8877,"template":"","meta":[],"product_cat":[46,79,80,81],"product_tag":[65,76,74,62,67],"_links":{"self":[{"href":"https:\/\/lafillerenne.fr\/blog\/wp-json\/wp\/v2\/product\/8887"}],"collection":[{"href":"https:\/\/lafillerenne.fr\/blog\/wp-json\/wp\/v2\/product"}],"about":[{"href":"https:\/\/lafillerenne.fr\/blog\/wp-json\/wp\/v2\/types\/product"}],"wp:featuredmedia":[{"embeddable":true,"href":"https:\/\/lafillerenne.fr\/blog\/wp-json\/wp\/v2\/media\/8877"}],"wp:attachment":[{"href":"https:\/\/lafillerenne.fr\/blog\/wp-json\/wp\/v2\/media?parent=8887"}],"wp:term":[{"taxonomy":"product_cat","embeddable":true,"href":"https:\/\/lafillerenne.fr\/blog\/wp-json\/wp\/v2\/product_cat?post=8887"},{"taxonomy":"product_tag","embeddable":true,"href":"https:\/\/lafillerenne.fr\/blog\/wp-json\/wp\/v2\/product_tag?post=8887"}],"curies":[{"name":"wp","href":"https:\/\/api.w.org\/{rel}","templated":true}]}}