{"id":8888,"date":"2026-05-14T11:20:08","date_gmt":"2026-05-14T09:20:08","guid":{"rendered":"https:\/\/lafillerenne.fr\/blog\/?post_type=product&#038;p=8888"},"modified":"2026-05-14T11:29:46","modified_gmt":"2026-05-14T09:29:46","slug":"linogravure-hydropote-blanc","status":"publish","type":"product","link":"https:\/\/lafillerenne.fr\/blog\/produit\/linogravure-hydropote-blanc\/","title":{"rendered":"Linogravure hydropote &#8211; blanc"},"content":{"rendered":"<p>Impression de linogravure d&#8217;un cr\u00e2ne d&#8217;hydropote (<em>Hydropotes inermis<\/em>), une petite esp\u00e8ce de cerf d&#8217;Asie du sud est, qui poss\u00e8de de grandes canines apparentes, en plus de petits bois.<\/p>\n<p>Impression artisanale, sur papier fin blanc.<br \/>\nD\u00fb au proc\u00e9d\u00e9 artisanal d&#8217;impression, chaque exemplaire varie et pr\u00e9sente des imperfections.<br \/>\nEdition limit\u00e9e \u00e0 6 exemplaires, num\u00e9rot\u00e9s et sign\u00e9s.<br \/>\nA5<\/p>\n<p>Envoi partout dans le monde. Il est aussi possible de le r\u00e9cup\u00e9rer sans frais d\u2019envoi \u00e0 Villeurbanne \/ Lyon. S\u00e9lectionner \u201cpoint de vente\u201d en m\u00e9thode d\u2019exp\u00e9dition.<\/p>\n<p>\u2728<br \/>\n<em>print wildlife animal bones science hydropote chinese water deer<\/em><\/p>\n","protected":false},"excerpt":{"rendered":"<p>Impression de linogravure d&#8217;un cr\u00e2ne d&#8217;hydropote (Hydropotes inermis), une petite esp\u00e8ce de cerf d&#8217;Asie du sud est, qui poss\u00e8de de grandes canines apparentes, en plus de petits bois. Impression artisanale, sur papier fin blanc. D\u00fb au proc\u00e9d\u00e9 artisanal d&#8217;impression, chaque exemplaire varie et pr\u00e9sente des imperfections. Edition limit\u00e9e \u00e0 6 exemplaires, num\u00e9rot\u00e9s et sign\u00e9s. A5 &hellip; <\/p>\n<p class=\"link-more\"><a href=\"https:\/\/lafillerenne.fr\/blog\/produit\/linogravure-hydropote-blanc\/\" class=\"more-link\">Continuer la lecture<span class=\"screen-reader-text\"> de &laquo;&nbsp;Linogravure hydropote &#8211; blanc&nbsp;&raquo;<\/span><\/a><\/p>\n","protected":false},"featured_media":8885,"template":"","meta":[],"product_cat":[46],"product_tag":[67],"_links":{"self":[{"href":"https:\/\/lafillerenne.fr\/blog\/wp-json\/wp\/v2\/product\/8888"}],"collection":[{"href":"https:\/\/lafillerenne.fr\/blog\/wp-json\/wp\/v2\/product"}],"about":[{"href":"https:\/\/lafillerenne.fr\/blog\/wp-json\/wp\/v2\/types\/product"}],"wp:featuredmedia":[{"embeddable":true,"href":"https:\/\/lafillerenne.fr\/blog\/wp-json\/wp\/v2\/media\/8885"}],"wp:attachment":[{"href":"https:\/\/lafillerenne.fr\/blog\/wp-json\/wp\/v2\/media?parent=8888"}],"wp:term":[{"taxonomy":"product_cat","embeddable":true,"href":"https:\/\/lafillerenne.fr\/blog\/wp-json\/wp\/v2\/product_cat?post=8888"},{"taxonomy":"product_tag","embeddable":true,"href":"https:\/\/lafillerenne.fr\/blog\/wp-json\/wp\/v2\/product_tag?post=8888"}],"curies":[{"name":"wp","href":"https:\/\/api.w.org\/{rel}","templated":true}]}}