{"id":8889,"date":"2026-05-14T11:24:48","date_gmt":"2026-05-14T09:24:48","guid":{"rendered":"https:\/\/lafillerenne.fr\/blog\/?post_type=product&#038;p=8889"},"modified":"2026-05-14T11:29:15","modified_gmt":"2026-05-14T09:29:15","slug":"linogravure-hydropote-gris","status":"publish","type":"product","link":"https:\/\/lafillerenne.fr\/blog\/produit\/linogravure-hydropote-gris\/","title":{"rendered":"Linogravure hydropote &#8211; gris"},"content":{"rendered":"<p>Impression de linogravure d&#8217;un cr\u00e2ne d&#8217;hydropote (<em>Hydropotes inermis<\/em>), une petite esp\u00e8ce de cerf d&#8217;Asie du sud est, qui poss\u00e8de de grandes canines apparentes, en plus de petits bois.<\/p>\n<p>Impression artisanale, sur papier \u00e9pais gris.<br \/>\nD\u00fb au proc\u00e9d\u00e9 artisanal d&#8217;impression, chaque exemplaire varie et pr\u00e9sente des imperfections.<br \/>\nEdition limit\u00e9e \u00e0 6 exemplaires, num\u00e9rot\u00e9s et sign\u00e9s.<br \/>\nA5<\/p>\n<p>Envoi partout dans le monde. Il est aussi possible de le r\u00e9cup\u00e9rer sans frais d\u2019envoi \u00e0 Villeurbanne \/ Lyon. S\u00e9lectionner \u201cpoint de vente\u201d en m\u00e9thode d\u2019exp\u00e9dition.<\/p>\n<p>\u2728<br \/>\n<em>print wildlife animal bones science hydropote chinese water deer<\/em><\/p>\n","protected":false},"excerpt":{"rendered":"<p>Impression de linogravure d&#8217;un cr\u00e2ne d&#8217;hydropote (Hydropotes inermis), une petite esp\u00e8ce de cerf d&#8217;Asie du sud est, qui poss\u00e8de de grandes canines apparentes, en plus de petits bois. Impression artisanale, sur papier \u00e9pais gris. D\u00fb au proc\u00e9d\u00e9 artisanal d&#8217;impression, chaque exemplaire varie et pr\u00e9sente des imperfections. Edition limit\u00e9e \u00e0 6 exemplaires, num\u00e9rot\u00e9s et sign\u00e9s. A5 &hellip; <\/p>\n<p class=\"link-more\"><a href=\"https:\/\/lafillerenne.fr\/blog\/produit\/linogravure-hydropote-gris\/\" class=\"more-link\">Continuer la lecture<span class=\"screen-reader-text\"> de &laquo;&nbsp;Linogravure hydropote &#8211; gris&nbsp;&raquo;<\/span><\/a><\/p>\n","protected":false},"featured_media":8884,"template":"","meta":[],"product_cat":[46],"product_tag":[67],"_links":{"self":[{"href":"https:\/\/lafillerenne.fr\/blog\/wp-json\/wp\/v2\/product\/8889"}],"collection":[{"href":"https:\/\/lafillerenne.fr\/blog\/wp-json\/wp\/v2\/product"}],"about":[{"href":"https:\/\/lafillerenne.fr\/blog\/wp-json\/wp\/v2\/types\/product"}],"wp:featuredmedia":[{"embeddable":true,"href":"https:\/\/lafillerenne.fr\/blog\/wp-json\/wp\/v2\/media\/8884"}],"wp:attachment":[{"href":"https:\/\/lafillerenne.fr\/blog\/wp-json\/wp\/v2\/media?parent=8889"}],"wp:term":[{"taxonomy":"product_cat","embeddable":true,"href":"https:\/\/lafillerenne.fr\/blog\/wp-json\/wp\/v2\/product_cat?post=8889"},{"taxonomy":"product_tag","embeddable":true,"href":"https:\/\/lafillerenne.fr\/blog\/wp-json\/wp\/v2\/product_tag?post=8889"}],"curies":[{"name":"wp","href":"https:\/\/api.w.org\/{rel}","templated":true}]}}